{"id":175,"date":"2017-01-17T13:30:42","date_gmt":"2017-01-17T13:30:42","guid":{"rendered":"http:\/\/wp1.themexlab.com\/newwp\/industrypress\/?page_id=175"},"modified":"2023-06-27T03:08:57","modified_gmt":"2023-06-27T00:08:57","slug":"iletisim","status":"publish","type":"page","link":"https:\/\/www.clpmetal.com.tr\/index.php\/iletisim\/","title":{"rendered":"\u0130leti\u015fim"},"content":{"rendered":"<p><section class=\"kc-elm kc-css-316930 kc_row\"><div class=\"kc-row-container  kc-container\"><div class=\"kc-wrap-columns\"><div class=\"kc-elm kc-css-275118 kc_col-sm-4 kc_column kc_col-sm-4\"><div class=\"kc-col-container\">\n<div class=\"kc-elm kc-css-125526 kc-flipbox kc-flip-container\" ontouchstart=\"this.classList.toggle('hover');\">\n\t<div class=\"flipper\">\n\t\t<div class=\"front\">\n\t\t\t<div class=\"front-content\">\n\t\t\t\t<div class=\"wrap-icon\"><i class=\"sl-phone\"><\/i><\/div><h3>TELEFON<\/h3><p>+90 539 715 84 89<br>\r\n+90 539 715 84 89<\/p>\t\t\t<\/div>\n\t\t<\/div>\n\t\t<div class=\"back\">\n\t\t\t<div class=\"des\">\n\t\t\t\t<div class=\"wrap-icon\"><i class=\"sl-call-end\"><\/i><\/div><h3>TELEFON<\/h3><p>+90 539 715 84 89<br>\r\n+90 539 715 84 89<\/p>\t\t\t<\/div>\n\t\t<\/div>\n\t<\/div>\n<\/div>\n<\/div><\/div><div class=\"kc-elm kc-css-758890 kc_col-sm-4 kc_column kc_col-sm-4\"><div class=\"kc-col-container\">\n<div class=\"kc-elm kc-css-309914 kc-flipbox kc-flip-container\" ontouchstart=\"this.classList.toggle('hover');\">\n\t<div class=\"flipper\">\n\t\t<div class=\"front\">\n\t\t\t<div class=\"front-content\">\n\t\t\t\t<div class=\"wrap-icon\"><i class=\"sl-envelope-open\"><\/i><\/div><h3>E-POSTA<\/h3><p>info@clpmetal.com.tr<br>\r\n<span style=\"color:#dd3333\">.<span><\/p>\t\t\t<\/div>\n\t\t<\/div>\n\t\t<div class=\"back\">\n\t\t\t<div class=\"des\">\n\t\t\t\t<div class=\"wrap-icon\"><i class=\"sl-envolope-letter\"><\/i><\/div><h3>E-POSTA<\/h3><p>info@clpmetal.com.tr<\/p>\t\t\t<\/div>\n\t\t<\/div>\n\t<\/div>\n<\/div>\n<\/div><\/div><div class=\"kc-elm kc-css-984991 kc_col-sm-4 kc_column kc_col-sm-4\"><div class=\"kc-col-container\">\n<div class=\"kc-elm kc-css-952241 kc-flipbox kc-flip-container\" ontouchstart=\"this.classList.toggle('hover');\">\n\t<div class=\"flipper\">\n\t\t<div class=\"front\">\n\t\t\t<div class=\"front-content\">\n\t\t\t\t<div class=\"wrap-icon\"><i class=\"sl-direction\"><\/i><\/div><h3>ADRES<\/h3><p>Kozluk mah. Kozluk cad.  No.30  Erenler\/SAKARYA<br>\r\n<span style=\"color:#dd3333\">.<span><\/p>\t\t\t<\/div>\n\t\t<\/div>\n\t\t<div class=\"back\">\n\t\t\t<div class=\"des\">\n\t\t\t\t<div class=\"wrap-icon\"><i class=\"sl-directions\"><\/i><\/div><h3>ADRES<\/h3><p>Kozluk mah. Kozluk cad.  No.30  Erenler\/SAKARYA<\/p>\t\t\t<\/div>\n\t\t<\/div>\n\t<\/div>\n<\/div>\n<\/div><\/div><\/div><\/div><\/section><section class=\"kc-elm kc-css-361664 kc_row\"><div class=\"kc-row-container  kc-container\"><div class=\"kc-wrap-columns\"><div class=\"kc-elm kc-css-128336 kc_col-sm-12 kc_column kc_col-sm-12\"><div class=\"kc-col-container\"><!--Start Contact area-->\r\n<section class=\"contact-area\">\r\n    <div class=\"container\">\r\n        <div class=\"row\">\r\n            <div class=\"col-md-4 col-sm-7 col-xs-12\">\r\n                <div class=\"contact-details\">\r\n                    <h2>Bizimle \u0130leti\u015fime Ge\u00e7in<\/h2>\r\n                    <div class=\"contact-info-carousel owl-theme owl-carousel\">\r\n                                                <div class=\"item\">\r\n                            <div class=\"contact-details-title\">\r\n                                <h5>CLP Metal<\/h5>   \r\n                            <\/div>\r\n                            <ul class=\"contact-info\">\r\n                                <li>\r\n                                    <div class=\"icon-box\">\r\n                                        <span class=\"flaticon-signs\"><\/span>\r\n                                    <\/div>\r\n                                    <div class=\"text-box\">\r\n                                        <p><span>Address:<\/span> Kozluk mah. Kozluk cad.  No.30  Erenler\/SAKARYA<\/p>\r\n                                    <\/div>\r\n                                <\/li>\r\n                                <li>\r\n                                    <div class=\"icon-box\">\r\n                                        <span class=\"flaticon-email-envelope-back-symbol-on-phone-screen\"><\/span>\r\n                                    <\/div>\r\n                                    <div class=\"text-box\">\r\n                                        <p><span>Call Us:<\/span> 0 545 578 41\u00a057 info@clpmetal.com.tr<\/p>\r\n                                    <\/div>\r\n                                <\/li>\r\n                                <li>\r\n                                    <div class=\"icon-box\">\r\n                                        <span class=\"flaticon-clock-1\"><\/span>\r\n                                    <\/div>\r\n                                    <div class=\"text-box\">\r\n                                        <p><span>Mon - Sat:<\/span>08:00 - 18:00<br> \r\n                                        <span>Sunday:<\/span><\/p>\r\n                                    <\/div>\r\n                                <\/li>\r\n                                \r\n                            <\/ul>\t\t\t\t\t\r\n                        <\/div>\r\n                                            <\/div>\r\n                    <div class=\"contact-social-links\">\r\n                        <ul>\r\n                            <li><a href=\"#\"><i class=\"fa fa-facebook\" aria-hidden=\"true\"><\/i><\/a><\/li>\r\n                            <li><a href=\"#\"><i class=\"fa fa-twitter\" aria-hidden=\"true\"><\/i><\/a><\/li>\r\n                            <li><a href=\"\"><i class=\"fa fa-google-plus\" aria-hidden=\"true\"><\/i><\/a><\/li>\r\n                            <li><a href=\"\"><i class=\"fa fa-linkedin\"><\/i><\/a><\/li>\r\n                        <\/ul>   \r\n                    <\/div>\r\n                <\/div>\r\n            <\/div>\r\n            <div class=\"col-md-8 col-sm-12 col-xs-12\">\r\n                <div class=\"send-message-form\">\r\n                    <div class=\"title\">\r\n                        <h2>Bize Mesaj At\u0131n<\/h2>\r\n                        <span class=\"border\"><\/span>\r\n                    <\/div>\r\n                    <h3>Soru ve \u00d6nerilerinizi Bekliyoruz<\/h3>\r\n                     \n<div class=\"wpcf7 no-js\" id=\"wpcf7-f205-o1\" lang=\"en-US\" dir=\"ltr\">\n<div class=\"screen-reader-response\"><p role=\"status\" aria-live=\"polite\" aria-atomic=\"true\"><\/p> <ul><\/ul><\/div>\n<form action=\"\/index.php\/wp-json\/wp\/v2\/pages\/175#wpcf7-f205-o1\" method=\"post\" class=\"wpcf7-form init\" aria-label=\"Contact form\" novalidate=\"novalidate\" data-status=\"init\">\n<div style=\"display: none;\">\n<input type=\"hidden\" name=\"_wpcf7\" value=\"205\" \/>\n<input type=\"hidden\" name=\"_wpcf7_version\" value=\"5.9.3\" \/>\n<input type=\"hidden\" name=\"_wpcf7_locale\" value=\"en_US\" \/>\n<input type=\"hidden\" name=\"_wpcf7_unit_tag\" value=\"wpcf7-f205-o1\" \/>\n<input type=\"hidden\" name=\"_wpcf7_container_post\" value=\"0\" \/>\n<input type=\"hidden\" name=\"_wpcf7_posted_data_hash\" value=\"\" \/>\n<\/div>\n<div class=\"contact-form\">\n\t<div class=\"row\">\n\t\t<div class=\"col-md-12\">\n\t\t\t<p><span class=\"wpcf7-form-control-wrap\" data-name=\"text-831\"><input size=\"40\" class=\"wpcf7-form-control wpcf7-text wpcf7-validates-as-required\" aria-required=\"true\" aria-invalid=\"false\" placeholder=\"Ad\u0131n\u0131z *\" value=\"\" type=\"text\" name=\"text-831\" \/><\/span>\n\t\t\t<\/p>\n\t\t<\/div>\n\t<\/div>\n\t<div class=\"row\">\n\t\t<div class=\"col-md-12\">\n\t\t\t<p><span class=\"wpcf7-form-control-wrap\" data-name=\"email-684\"><input size=\"40\" class=\"wpcf7-form-control wpcf7-email wpcf7-validates-as-required wpcf7-text wpcf7-validates-as-email\" aria-required=\"true\" aria-invalid=\"false\" placeholder=\"E-Posta *\" value=\"\" type=\"email\" name=\"email-684\" \/><\/span>\n\t\t\t<\/p>\n\t\t<\/div>\n\t\t<div class=\"col-md-12\">\n\t\t\t<p><span class=\"wpcf7-form-control-wrap\" data-name=\"text-832\"><input size=\"40\" class=\"wpcf7-form-control wpcf7-text\" aria-invalid=\"false\" placeholder=\"Telefon\" value=\"\" type=\"text\" name=\"text-832\" \/><\/span>\n\t\t\t<\/p>\n\t\t<\/div>\n\t<\/div>\n\t<div class=\"row\">\n\t\t<div class=\"col-md-12\">\n\t\t\t<p><span class=\"wpcf7-form-control-wrap\" data-name=\"textarea-185\"><textarea cols=\"40\" rows=\"10\" class=\"wpcf7-form-control wpcf7-textarea\" aria-invalid=\"false\" placeholder=\"Mesaj\u0131n\u0131z\" name=\"textarea-185\"><\/textarea><\/span>\n\t\t\t<\/p>\n\t\t<\/div>\n\t<\/div>\n\t<div class=\"row\">\n\t\t<div class=\"col-md-12\">\n\t\t\t<p><input class=\"wpcf7-form-control wpcf7-submit has-spinner thm-btn yellow-bg\" type=\"submit\" value=\"G\u00f6nder\" \/>\n\t\t\t<\/p>\n\t\t<\/div>\n\t<\/div>\n<\/div><div class=\"wpcf7-response-output\" aria-hidden=\"true\"><\/div>\n<\/form>\n<\/div>\n   \r\n                <\/div>\r\n            <\/div>    \r\n        <\/div>\r\n    <\/div>\r\n<\/section> \r\n<!--End Contact area-->\r\n   <\/div><\/div><\/div><\/div><\/section><section class=\"kc-elm kc-css-395261 kc_row\"><div class=\"kc-row-container\"><div class=\"kc-wrap-columns\"><div class=\"kc-elm kc-css-904309 kc_col-sm-12 kc_column kc_col-sm-12\"><div class=\"kc-col-container\"><div class=\"kc-elm kc-css-448225 kc_google_maps kc_shortcode\"><div style=\"height: 450px\" class=\"kc-google-maps\"><iframe src=\"https:\/\/www.google.com\/maps\/embed?pb=!1m18!1m12!1m3!1d3022.9469784030935!2d30.437931199999998!3d40.7411922!2m3!1f0!2f0!3f0!3m2!1i1024!2i768!4f13.1!3m3!1m2!1s0x14ccb49d1ac14257%3A0x2dde1e609abc2340!2sKozluk%2C%20Kozluk%20Cd.%20No%3A30%2C%2054200%20Erenler%2FSakarya!5e0!3m2!1str!2str!4v1672303722758!5m2!1str!2str\" width=\"100%\" height=\"450\" style=\"border:0;\" allowfullscreen=\"\" loading=\"lazy\" referrerpolicy=\"no-referrer-when-downgrade\"><\/iframe><\/div><\/div><\/div><\/div><\/div><\/div><\/section><\/p>\n","protected":false},"excerpt":{"rendered":"","protected":false},"author":1,"featured_media":0,"parent":0,"menu_order":0,"comment_status":"closed","ping_status":"closed","template":"tpl-king_composer.php","meta":{"footnotes":""},"class_list":["post-175","page","type-page","status-publish","hentry"],"_links":{"self":[{"href":"https:\/\/www.clpmetal.com.tr\/index.php\/wp-json\/wp\/v2\/pages\/175","targetHints":{"allow":["GET"]}}],"collection":[{"href":"https:\/\/www.clpmetal.com.tr\/index.php\/wp-json\/wp\/v2\/pages"}],"about":[{"href":"https:\/\/www.clpmetal.com.tr\/index.php\/wp-json\/wp\/v2\/types\/page"}],"author":[{"embeddable":true,"href":"https:\/\/www.clpmetal.com.tr\/index.php\/wp-json\/wp\/v2\/users\/1"}],"replies":[{"embeddable":true,"href":"https:\/\/www.clpmetal.com.tr\/index.php\/wp-json\/wp\/v2\/comments?post=175"}],"version-history":[{"count":45,"href":"https:\/\/www.clpmetal.com.tr\/index.php\/wp-json\/wp\/v2\/pages\/175\/revisions"}],"predecessor-version":[{"id":580,"href":"https:\/\/www.clpmetal.com.tr\/index.php\/wp-json\/wp\/v2\/pages\/175\/revisions\/580"}],"wp:attachment":[{"href":"https:\/\/www.clpmetal.com.tr\/index.php\/wp-json\/wp\/v2\/media?parent=175"}],"curies":[{"name":"wp","href":"https:\/\/api.w.org\/{rel}","templated":true}]}}