{"id":85,"date":"2017-01-17T11:50:09","date_gmt":"2017-01-17T11:50:09","guid":{"rendered":"http:\/\/wp1.themexlab.com\/newwp\/industrypress\/?page_id=85"},"modified":"2024-05-03T10:19:00","modified_gmt":"2024-05-03T07:19:00","slug":"hakkimizda","status":"publish","type":"page","link":"https:\/\/www.clpmetal.com.tr\/index.php\/hakkimizda\/","title":{"rendered":"Hakk\u0131m\u0131zda"},"content":{"rendered":"<p><section class=\"kc-elm kc-css-467110 kc_row\"><div class=\"kc-row-container  kc-container\"><div class=\"kc-wrap-columns\"><div class=\"kc-elm kc-css-741719 kc_col-sm-12 kc_column kc_col-sm-12\"><div class=\"kc-col-container\"><!--Start welcome Industry area--> \r\n<section class=\"welcome-industry-area\">\r\n    <div class=\"container\">\r\n        <div class=\"row\">\r\n            <div class=\"col-md-6\">\r\n                <div class=\"video-gallery-bg\">\r\n                    <div class=\"video-gallery\">    \r\n                        <img decoding=\"async\" src=\"https:\/\/www.clpmetal.com.tr\/wp-content\/uploads\/2017\/01\/video-gallery.jpg\" alt=\"Awesome Video Gallery\">    \r\n                        <div class=\"overlay-gallery\">\r\n                            <div class=\"box\">\r\n                                <div class=\"content\">\r\n                                    <a class=\"video-popup\" href=\"\"><img decoding=\"async\" src=\"https:\/\/www.clpmetal.com.tr\/wp-content\/themes\/industrypress\/img\/resources\/play-btn.png\" alt=\"Awesome Image\"><\/a>\r\n                                <\/div>\r\n                            <\/div>\r\n                        <\/div>\r\n                    <\/div>\r\n                <\/div>\r\n            <\/div>\r\n            <div class=\"col-md-6\">\r\n                <div class=\"content\">\r\n                    <div class=\"sec-title\">\r\n                        <p>CLP METAL<\/p>\r\n                        <h1>HAKKIMIZDA<\/h1>    \r\n                    <\/div>\r\n                    <h3><\/p>\n<p><\/h3>\r\n                    <p>CLP Metal, lazer kesim, plazma kesim, abkant b\u00fck\u00fcm gibi modern metal i\u015fleme teknikleri ve m\u00fchendislik hizmetleri sunan bir firma olarak faaliyet g\u00f6stermektedir. M\u00fc\u015fteri odakl\u0131 yakla\u015f\u0131m\u0131m\u0131zla, her bir projeye \u00f6zel \u00e7\u00f6z\u00fcmler \u00fcretiyor ve m\u00fc\u015fterilerimizin ihtiya\u00e7lar\u0131n\u0131 en iyi \u015fekilde kar\u015f\u0131l\u0131yoruz. CLP Metal olarak, end\u00fcstri standartlar\u0131nda kaliteli ve g\u00fcvenilir hizmet sunmay\u0131 ama\u00e7l\u0131yoruz. Siz de CLP Metal'in sundu\u011fu kaliteli hizmetlerle tan\u0131\u015f\u0131n ve i\u015finizdeki potansiyeli maksimuma \u00e7\u0131kar\u0131n!<\/p>\r\n                    <div class=\"caption-box\">\r\n                        <p><\/p>\r\n                        <h4>- <\/h4>\r\n                    <\/div>    \r\n                <\/div>\r\n            <\/div>\r\n        <\/div>\r\n    <\/div>     \r\n<\/section>\r\n<!--End welcome Industry area-->\r\n   <\/div><\/div><\/div><\/div><\/section><section class=\"kc-elm kc-css-340863 kc_row\"><div class=\"kc-row-container\"><div class=\"kc-wrap-columns\"><div class=\"kc-elm kc-css-505691 kc_col-sm-12 kc_column kc_col-sm-12\"><div class=\"kc-col-container\"> \r\n\r\n<!--Start special service area--> \r\n<section class=\"special-service-area\">\r\n    <div class=\"container-fluid\">\r\n        <div class=\"row\">\r\n                        <!--Start single item-->\r\n            <div class=\"col-lg-3 col-md-6 col-sm-6 col-xs-12\">\r\n                <div class=\"single-item pd-bottom text-center\" style=\"background-image:url('http:\/\/wp1.themexlab.com\/newwp\/industrypress\/wp-content\/uploads\/2017\/01\/1-4.jpg')\">\r\n                    <span class=\"icon flaticon-medal\"><\/span>\r\n                    <h3><a href=\"#\">KAL\u0130TE BELGELER\u0130M\u0130Z<\/a><\/h3>\r\n                    <span class=\"border\"><\/span>\r\n                    <a href=\"#\">Know More<i class=\"fa fa-caret-right\" aria-hidden=\"true\"><\/i><\/a>    \r\n                <\/div>\r\n            <\/div>\r\n            <!--End single item-->\r\n                        <!--Start single item-->\r\n            <div class=\"col-lg-3 col-md-6 col-sm-6 col-xs-12\">\r\n                <div class=\"single-item pd-bottom text-center\" style=\"background-image:url('http:\/\/wp1.themexlab.com\/newwp\/industrypress\/wp-content\/uploads\/2017\/01\/1-4.jpg')\">\r\n                    <span class=\"icon flaticon-avatar\"><\/span>\r\n                    <h3><a href=\"#\">PROFESYONEL EK\u0130P<\/a><\/h3>\r\n                    <span class=\"border\"><\/span>\r\n                    <a href=\"#\">Know More<i class=\"fa fa-caret-right\" aria-hidden=\"true\"><\/i><\/a>    \r\n                <\/div>\r\n            <\/div>\r\n            <!--End single item-->\r\n                        <!--Start single item-->\r\n            <div class=\"col-lg-3 col-md-6 col-sm-6 col-xs-12\">\r\n                <div class=\"single-item pd-bottom text-center\" style=\"background-image:url('http:\/\/wp1.themexlab.com\/newwp\/industrypress\/wp-content\/uploads\/2017\/01\/1-4.jpg')\">\r\n                    <span class=\"icon flaticon-justice\"><\/span>\r\n                    <h3><a href=\"#\">KAL\u0130TEL\u0130 \u0130\u015e\u00c7\u0130L\u0130K<\/a><\/h3>\r\n                    <span class=\"border\"><\/span>\r\n                    <a href=\"#\">Know More<i class=\"fa fa-caret-right\" aria-hidden=\"true\"><\/i><\/a>    \r\n                <\/div>\r\n            <\/div>\r\n            <!--End single item-->\r\n                        <!--Start single item-->\r\n            <div class=\"col-lg-3 col-md-6 col-sm-6 col-xs-12\">\r\n                <div class=\"single-item pd-bottom text-center\" style=\"background-image:url('http:\/\/wp1.themexlab.com\/newwp\/industrypress\/wp-content\/uploads\/2017\/01\/1-4.jpg')\">\r\n                    <span class=\"icon flaticon-people\"><\/span>\r\n                    <h3><a href=\"#\">MUTLU M\u00dc\u015eTER\u0130<\/a><\/h3>\r\n                    <span class=\"border\"><\/span>\r\n                    <a href=\"#\">Know More<i class=\"fa fa-caret-right\" aria-hidden=\"true\"><\/i><\/a>    \r\n                <\/div>\r\n            <\/div>\r\n            <!--End single item-->\r\n                 \r\n        <\/div>\r\n    <\/div>    \r\n<\/section>                            \r\n<!--End special service area-->\r\n\r\n<\/div><\/div><\/div><\/div><\/section><section class=\"kc-elm kc-css-28706 kc_row\"><div class=\"kc-row-container  kc-container\"><div class=\"kc-wrap-columns\"><div class=\"kc-elm kc-css-981003 kc_col-sm-12 kc_column kc_col-sm-12\"><div class=\"kc-col-container\"><!--Start choosing area-->\r\n<section class=\"choosing-area\">\r\n    <div class=\"container\">\r\n        <div class=\"row\">\r\n            <div class=\"col-md-4\">\r\n                <div class=\"content\">\r\n                    <div class=\"sec-title\">\r\n                        <p>22 Y\u0131l\u0131 a\u015fan tecr\u00fcbe<\/p>\r\n                        <h1>NEDEN B\u0130Z\u0130 SE\u00c7MEL\u0130S\u0130N\u0130Z!<\/h1>    \r\n                    <\/div>\r\n                    <ul>\r\n                                                <li>\r\n                            <div class=\"icon-holder\">\r\n                                <span class=\"sl-people\"><\/span>    \r\n                            <\/div>\r\n                            <div class=\"text-holder\">\r\n                                <h3>ALANINDA UZMAN<\/h3>\r\n                                <span>M\u00fchendislerimiz<\/span>\r\n                                <p>Farkl\u0131 uzmanl\u0131k alanlar\u0131ndan gelen \u00e7al\u0131\u015fma arkada\u015flar\u0131m\u0131zla bir araya gelerek, uyum i\u00e7inde \u00e7al\u0131\u015f\u0131yoruz. Amac\u0131m\u0131z, ortak hedeflerimiz do\u011frultusunda etkili bir \u015fekilde i\u015fbirli\u011fi yaparak sonu\u00e7 odakl\u0131 \u00e7al\u0131\u015fmalar ger\u00e7ekle\u015ftirmektir.<\/p>    \r\n                            <\/div>\r\n                        <\/li>\r\n                                                <li>\r\n                            <div class=\"icon-holder\">\r\n                                <span class=\"fa-tasks\"><\/span>    \r\n                            <\/div>\r\n                            <div class=\"text-holder\">\r\n                                <h3>G\u00dcVEN\u0130L\u0130R KADRO<\/h3>\r\n                                <span>Alan\u0131nda Yetkin Ekip<\/span>\r\n                                <p>Idea denouncing pleasures and praisings pain was born great explorer.<\/p>    \r\n                            <\/div>\r\n                        <\/li>\r\n                                                <li>\r\n                            <div class=\"icon-holder\">\r\n                                <span class=\"fa-list-ul\"><\/span>    \r\n                            <\/div>\r\n                            <div class=\"text-holder\">\r\n                                <h3>HIZLI \u00c7\u00d6Z\u00dcMLER<\/h3>\r\n                                <span>Sizi anl\u0131yoruz<\/span>\r\n                                <p>Denouncing pleasures and was born work will give you a complete masters.<\/p>    \r\n                            <\/div>\r\n                        <\/li>\r\n                          \r\n                    <\/ul>\r\n                <\/div>\r\n            <\/div>\r\n            <div class=\"col-md-4\">\r\n                <div class=\"img-box\">\r\n                    <img decoding=\"async\" src=\"https:\/\/www.clpmetal.com.tr\/wp-content\/uploads\/2017\/01\/choosing-img.png\" alt=\"Awesome Image\">\r\n                <\/div>\r\n            <\/div>\r\n            <div class=\"col-md-4\">\r\n            \t\n<div class=\"wpcf7 no-js\" id=\"wpcf7-f99-o1\" lang=\"en-US\" dir=\"ltr\">\n<div class=\"screen-reader-response\"><p role=\"status\" aria-live=\"polite\" aria-atomic=\"true\"><\/p> <ul><\/ul><\/div>\n<form action=\"\/index.php\/wp-json\/wp\/v2\/pages\/85#wpcf7-f99-o1\" method=\"post\" class=\"wpcf7-form init\" aria-label=\"Contact form\" novalidate=\"novalidate\" data-status=\"init\">\n<div style=\"display: none;\">\n<input type=\"hidden\" name=\"_wpcf7\" value=\"99\" \/>\n<input type=\"hidden\" name=\"_wpcf7_version\" value=\"5.9.3\" \/>\n<input type=\"hidden\" name=\"_wpcf7_locale\" value=\"en_US\" \/>\n<input type=\"hidden\" name=\"_wpcf7_unit_tag\" value=\"wpcf7-f99-o1\" \/>\n<input type=\"hidden\" name=\"_wpcf7_container_post\" value=\"0\" \/>\n<input type=\"hidden\" name=\"_wpcf7_posted_data_hash\" value=\"\" \/>\n<\/div>\n<div class=\"row\">\n\t<div class=\"col-md-12\">\n\t\t<p><span class=\"wpcf7-form-control-wrap\" data-name=\"text-71\"><input size=\"40\" class=\"wpcf7-form-control wpcf7-text wpcf7-validates-as-required\" aria-required=\"true\" aria-invalid=\"false\" placeholder=\"Ad\u0131n\u0131z*\" value=\"\" type=\"text\" name=\"text-71\" \/><\/span>\n\t\t<\/p>\n\t<\/div>\n\t<div class=\"col-md-12\">\n\t\t<div class=\"row\">\n\t\t\t<div class=\"col-lg-6 col-md-12 col-sm-12 col-xs-12\">\n\t\t\t\t<p><span class=\"wpcf7-form-control-wrap\" data-name=\"text-72\"><input size=\"40\" class=\"wpcf7-form-control wpcf7-text\" aria-invalid=\"false\" placeholder=\"Telefon\" value=\"\" type=\"text\" name=\"text-72\" \/><\/span>\n\t\t\t\t<\/p>\n\t\t\t<\/div>\n\t\t\t<div class=\"col-lg-6 col-md-12 col-sm-12 col-xs-12\">\n\t\t\t\t<p><span class=\"wpcf7-form-control-wrap\" data-name=\"email-256\"><input size=\"40\" class=\"wpcf7-form-control wpcf7-email wpcf7-validates-as-required wpcf7-text wpcf7-validates-as-email\" aria-required=\"true\" aria-invalid=\"false\" placeholder=\"Mail Adresiniz*\" value=\"\" type=\"email\" name=\"email-256\" \/><\/span>\n\t\t\t\t<\/p>\n\t\t\t<\/div>\n\t\t<\/div>\n\t<\/div>\n\t<div class=\"col-md-12\">\n\t\t<p><span class=\"wpcf7-form-control-wrap\" data-name=\"textarea-516\"><textarea cols=\"40\" rows=\"10\" class=\"wpcf7-form-control wpcf7-textarea\" aria-invalid=\"false\" placeholder=\"Mesaj\u0131n\u0131z\" name=\"textarea-516\"><\/textarea><\/span>\n\t\t<\/p>\n\t<\/div>\n\t<div class=\"col-md-12\">\n\t\t<p><input class=\"wpcf7-form-control wpcf7-submit has-spinner thm-btn yellow-bg\" type=\"submit\" value=\"G\u00f6nder\" \/>\n\t\t<\/p>\n\t<\/div>\n<\/div><div class=\"wpcf7-response-output\" aria-hidden=\"true\"><\/div>\n<\/form>\n<\/div>\n            <\/div>\r\n    \r\n        <\/div>\r\n    <\/div>\r\n<\/section>                                                           \r\n<!--End choosing area-->\r\n   <\/div><\/div><\/div><\/div><\/section><section class=\"kc-elm kc-css-168773 kc_row\"><div class=\"kc-row-container\"><div class=\"kc-wrap-columns\"><div class=\"kc-elm kc-css-667219 kc_col-sm-12 kc_column kc_col-sm-12\"><div class=\"kc-col-container\"><!--Start caption area-->                                                                              \r\n<section class=\"caption-area text-center\" style=\"background-image:url('https:\/\/www.clpmetal.com.tr\/wp-content\/uploads\/2017\/01\/caption-bg.jpg');\">  \r\n    <div class=\"container\">\r\n        <div class=\"row\">\r\n            <div class=\"col-md-12\">\r\n                <h1>Kalite, G\u00fcvenilirlik ve 15 Y\u0131l\u0131 a\u015fan tecr\u00fcbemiz ile<br> H\u0130ZMET VER\u0130YORUZ<\/h1>\r\n                <a class=\"thm-btn yellow-bg\" href=\"#\">\u0130LET\u0130\u015e\u0130M<\/a>    \r\n            <\/div>\r\n        <\/div>\r\n    <\/div>\r\n<\/section>                                        \r\n<!--End caption area--> \r\n   <\/div><\/div><\/div><\/div><\/section><\/p>\n","protected":false},"excerpt":{"rendered":"","protected":false},"author":1,"featured_media":0,"parent":0,"menu_order":0,"comment_status":"closed","ping_status":"closed","template":"tpl-king_composer.php","meta":{"footnotes":""},"class_list":["post-85","page","type-page","status-publish","hentry"],"_links":{"self":[{"href":"https:\/\/www.clpmetal.com.tr\/index.php\/wp-json\/wp\/v2\/pages\/85","targetHints":{"allow":["GET"]}}],"collection":[{"href":"https:\/\/www.clpmetal.com.tr\/index.php\/wp-json\/wp\/v2\/pages"}],"about":[{"href":"https:\/\/www.clpmetal.com.tr\/index.php\/wp-json\/wp\/v2\/types\/page"}],"author":[{"embeddable":true,"href":"https:\/\/www.clpmetal.com.tr\/index.php\/wp-json\/wp\/v2\/users\/1"}],"replies":[{"embeddable":true,"href":"https:\/\/www.clpmetal.com.tr\/index.php\/wp-json\/wp\/v2\/comments?post=85"}],"version-history":[{"count":11,"href":"https:\/\/www.clpmetal.com.tr\/index.php\/wp-json\/wp\/v2\/pages\/85\/revisions"}],"predecessor-version":[{"id":621,"href":"https:\/\/www.clpmetal.com.tr\/index.php\/wp-json\/wp\/v2\/pages\/85\/revisions\/621"}],"wp:attachment":[{"href":"https:\/\/www.clpmetal.com.tr\/index.php\/wp-json\/wp\/v2\/media?parent=85"}],"curies":[{"name":"wp","href":"https:\/\/api.w.org\/{rel}","templated":true}]}}